{"id":91,"date":"2013-08-11T19:17:44","date_gmt":"2013-08-11T19:17:44","guid":{"rendered":"http:\/\/localhost:8888\/test\/?page_id=530"},"modified":"2023-01-04T15:10:40","modified_gmt":"2023-01-04T15:10:40","slug":"blog","status":"publish","type":"page","link":"http:\/\/test.bakjy.com\/bp429354-ovh\/blog\/","title":{"rendered":""},"content":{"rendered":"\t\t<div data-elementor-type=\"wp-page\" data-elementor-id=\"91\" class=\"elementor elementor-91\">\n\t\t\t\t\t\t\t\t\t<section class=\"elementor-section elementor-top-section elementor-element elementor-element-1ffb8d2 elementor-section-stretched elementor-section-boxed elementor-section-height-default elementor-section-height-default wpr-particle-no wpr-jarallax-no wpr-parallax-no wpr-sticky-section-no\" data-id=\"1ffb8d2\" data-element_type=\"section\" data-settings=\"{&quot;stretch_section&quot;:&quot;section-stretched&quot;}\">\n\t\t\t\t\t\t<div class=\"elementor-container elementor-column-gap-default\">\n\t\t\t\t\t<div class=\"elementor-column elementor-col-100 elementor-top-column elementor-element elementor-element-a3159fc\" data-id=\"a3159fc\" data-element_type=\"column\">\n\t\t\t<div class=\"elementor-widget-wrap elementor-element-populated\">\n\t\t\t\t\t\t\t\t<div class=\"elementor-element elementor-element-7413556 wpr-search-form-style-inner wpr-search-form-position-right elementor-widget elementor-widget-wpr-search\" data-id=\"7413556\" data-element_type=\"widget\" data-widget_type=\"wpr-search.default\">\n\t\t\t\t<div class=\"elementor-widget-container\">\n\t\t\t\r\n\t\t<form role=\"search\" method=\"get\" class=\"wpr-search-form\" action=\"http:\/\/test.bakjy.com\/bp429354-ovh\">\r\n\r\n\t\t\t<div class=\"wpr-search-form-input-wrap elementor-clearfix\">\r\n\t\t\t\t<input placeholder=\"Search...\" class=\"wpr-search-form-input\" type=\"search\" name=\"s\" title=\"Search\" value=\"\" wpr-query-type=\"all\" number-of-results=\"2\" ajax-search=\"\" number-of-words=\"30\" show-ajax-thumbnails=\"\" show-view-result-btn=\"\" view-result-text=\"View Results\" exclude-without-thumb=\"\" link-target=\"_self\">\r\n\t\t\t\t\r\n\t\t<button class=\"wpr-search-form-submit\" type=\"submit\">\r\n\t\t\t\t\t\t\t<i class=\"fas fa-search\"><\/i>\r\n\t\t\t\t\t<\/button>\r\n\r\n\t\t\t\t\t<\/div>\r\n\r\n\t\t\t\t\t<\/form>\r\n\t\t<div class=\"wpr-data-fetch\">\r\n\t\t\t<span class=\"wpr-close-search\"><\/span>\r\n\t\t\t<ul><\/ul>\r\n\t\t\t\t\t<\/div>\r\n\t\t\r\n\t\t\t\t<\/div>\n\t\t\t\t<\/div>\n\t\t\t\t<div class=\"elementor-element elementor-element-7adc24ac wpr-grid-columns-3 wpr-grid-columns--tablet2 wpr-grid-columns--mobile1 wpr-grid-pagination-center elementor-widget elementor-widget-wpr-grid\" data-id=\"7adc24ac\" data-element_type=\"widget\" data-widget_type=\"wpr-grid.default\">\n\t\t\t\t<div class=\"elementor-widget-container\">\n\t\t\t<ul class=\"wpr-grid-filters elementor-clearfix wpr-grid-filters-sep-left\"><li class=\" wpr-pointer-none wpr-pointer-line-fx wpr-pointer-fx-none\"><span data-filter=\"*\" class=\"wpr-active-filter \">All Work<\/span><\/li><li class=\" wpr-pointer-none wpr-pointer-line-fx wpr-pointer-fx-none\"><em class=\"wpr-grid-filters-sep\">\/<\/em><span  data-filter=\".category-bakjy-actualites\">BAKJY ACTUALIT\u00c9S<\/span><\/li><\/ul><section class=\"wpr-grid elementor-clearfix\" data-settings=\"{&quot;layout&quot;:&quot;fitRows&quot;,&quot;columns_desktop&quot;:&quot;3&quot;,&quot;gutter_hr&quot;:15,&quot;gutter_vr&quot;:15,&quot;animation&quot;:&quot;default&quot;,&quot;animation_duration&quot;:0.3,&quot;animation_delay&quot;:0.1,&quot;deeplinking&quot;:&quot;&quot;,&quot;filters_linkable&quot;:&quot;no&quot;,&quot;filters_default_filter&quot;:&quot;&quot;,&quot;filters_count&quot;:&quot;&quot;,&quot;filters_hide_empty&quot;:&quot;yes&quot;,&quot;filters_animation&quot;:&quot;default&quot;,&quot;filters_animation_duration&quot;:0.3,&quot;filters_animation_delay&quot;:0.1,&quot;pagination_type&quot;:&quot;load-more&quot;,&quot;pagination_max_pages&quot;:3,&quot;lightbox&quot;:{&quot;selector&quot;:&quot;.wpr-grid-image-wrap&quot;,&quot;iframeMaxWidth&quot;:&quot;60%&quot;,&quot;hash&quot;:false,&quot;autoplay&quot;:&quot;true&quot;,&quot;pause&quot;:5000,&quot;progressBar&quot;:&quot;true&quot;,&quot;counter&quot;:&quot;true&quot;,&quot;controls&quot;:&quot;true&quot;,&quot;getCaptionFromTitleOrAlt&quot;:&quot;true&quot;,&quot;thumbnail&quot;:&quot;&quot;,&quot;showThumbByDefault&quot;:&quot;&quot;,&quot;share&quot;:&quot;&quot;,&quot;zoom&quot;:&quot;true&quot;,&quot;fullScreen&quot;:&quot;true&quot;,&quot;download&quot;:&quot;true&quot;}}\"><article class=\"wpr-grid-item elementor-clearfix post-2054 post type-post status-publish format-standard has-post-thumbnail hentry category-bakjy-actualites\"><div class=\"wpr-grid-item-inner\"><div class=\"wpr-grid-media-wrap wpr-effect-size-medium \" data-overlay-link=\"yes\"><div class=\"wpr-grid-image-wrap\" data-src=\"http:\/\/test.bakjy.com\/bp429354-ovh\/wp-content\/uploads\/elementor\/thumbs\/cadeau-e1666694598833-pwqa81y9506u8tdbyatusk21wep5vwulqj8j7uqb0s.png\"><img decoding=\"async\" src=\"http:\/\/test.bakjy.com\/bp429354-ovh\/wp-content\/uploads\/elementor\/thumbs\/cadeau-e1666694598833-pwqa81y9506u8tdbyatusk21wep5vwulqj8j7uqb0s.png\" alt=\"Cadeau de la Maison X Bakjy\" class=\"wpr-anim-timing-ease-default\"><\/div><div class=\"wpr-grid-media-hover wpr-animation-wrap\"><div class=\"wpr-grid-media-hover-bg  wpr-overlay-fade-in wpr-anim-size-large wpr-anim-timing-ease-default wpr-anim-transparency\" data-url=\"http:\/\/test.bakjy.com\/bp429354-ovh\/2054-2\/\"><\/div><div class=\"wpr-cv-container\"><div class=\"wpr-cv-outer\"><div class=\"wpr-cv-inner\"><div class=\"wpr-grid-media-hover-middle elementor-clearfix\"><h2 class=\"wpr-grid-item-title elementor-repeater-item-83c0ab6 wpr-grid-item-display-block wpr-grid-item-align-center wpr-element-fade-in wpr-anim-size-large wpr-anim-timing-ease-default wpr-anim-transparency wpr-pointer-none wpr-pointer-line-fx wpr-pointer-fx-fade\"><div class=\"inner-block\"><a  href=\"http:\/\/test.bakjy.com\/bp429354-ovh\/2054-2\/\">Cadeau de la Maison X Bakjy<\/a><\/div><\/h2><div class=\"wpr-grid-item-category elementor-repeater-item-deefd3e wpr-grid-item-display-block wpr-grid-item-align-center wpr-element-fade-in wpr-anim-size-large wpr-anim-timing-ease-default wpr-anim-transparency wpr-pointer-none wpr-pointer-line-fx wpr-pointer-fx-fade wpr-grid-tax-style-1\"><div class=\"inner-block\"><a  href=\"http:\/\/test.bakjy.com\/bp429354-ovh\/category\/bakjy-actualites\/\">BAKJY ACTUALIT\u00c9S<\/a><\/div><\/div><\/div><\/div><\/div><\/div><\/div><\/div><\/div><\/article><article class=\"wpr-grid-item elementor-clearfix post-2039 post type-post status-publish format-standard has-post-thumbnail hentry category-bakjy-actualites\"><div class=\"wpr-grid-item-inner\"><div class=\"wpr-grid-media-wrap wpr-effect-size-medium \" data-overlay-link=\"yes\"><div class=\"wpr-grid-image-wrap\" data-src=\"http:\/\/test.bakjy.com\/bp429354-ovh\/wp-content\/uploads\/elementor\/thumbs\/silhouette-of-an-executive-holding-clipboard-scaled-pwqh5soizc2gz0lsmr4ds19zuxr00tb6en7ujifnt8.jpg\"><img decoding=\"async\" src=\"http:\/\/test.bakjy.com\/bp429354-ovh\/wp-content\/uploads\/elementor\/thumbs\/silhouette-of-an-executive-holding-clipboard-scaled-pwqh5soizc2gz0lsmr4ds19zuxr00tb6en7ujifnt8.jpg\" alt=\"Shady image of a manager discussing business matters with her subordinates\" class=\"wpr-anim-timing-ease-default\"><\/div><div class=\"wpr-grid-media-hover wpr-animation-wrap\"><div class=\"wpr-grid-media-hover-bg  wpr-overlay-fade-in wpr-anim-size-large wpr-anim-timing-ease-default wpr-anim-transparency\" data-url=\"http:\/\/test.bakjy.com\/bp429354-ovh\/edition-business-immo\/\"><\/div><div class=\"wpr-cv-container\"><div class=\"wpr-cv-outer\"><div class=\"wpr-cv-inner\"><div class=\"wpr-grid-media-hover-middle elementor-clearfix\"><h2 class=\"wpr-grid-item-title elementor-repeater-item-83c0ab6 wpr-grid-item-display-block wpr-grid-item-align-center wpr-element-fade-in wpr-anim-size-large wpr-anim-timing-ease-default wpr-anim-transparency wpr-pointer-none wpr-pointer-line-fx wpr-pointer-fx-fade\"><div class=\"inner-block\"><a  href=\"http:\/\/test.bakjy.com\/bp429354-ovh\/edition-business-immo\/\">Nous sommes honor\u00e9s de vous pr\u00e9senter l&#8217;apparition dans l&#8217;\u00e9dition Business Immo<\/a><\/div><\/h2><div class=\"wpr-grid-item-category elementor-repeater-item-deefd3e wpr-grid-item-display-block wpr-grid-item-align-center wpr-element-fade-in wpr-anim-size-large wpr-anim-timing-ease-default wpr-anim-transparency wpr-pointer-none wpr-pointer-line-fx wpr-pointer-fx-fade wpr-grid-tax-style-1\"><div class=\"inner-block\"><a  href=\"http:\/\/test.bakjy.com\/bp429354-ovh\/category\/bakjy-actualites\/\">BAKJY ACTUALIT\u00c9S<\/a><\/div><\/div><\/div><\/div><\/div><\/div><\/div><\/div><\/div><\/article><article class=\"wpr-grid-item elementor-clearfix post-2034 post type-post status-publish format-standard has-post-thumbnail hentry category-bakjy-actualites\"><div class=\"wpr-grid-item-inner\"><div class=\"wpr-grid-media-wrap wpr-effect-size-medium \" data-overlay-link=\"yes\"><div class=\"wpr-grid-image-wrap\" data-src=\"http:\/\/test.bakjy.com\/bp429354-ovh\/wp-content\/uploads\/elementor\/thumbs\/tiler-working-renovation-apartment-scaled-pwqifsw5hf1p7xs1zn10tfc6juzqrhy82cpe527z9o.jpg\"><img decoding=\"async\" src=\"http:\/\/test.bakjy.com\/bp429354-ovh\/wp-content\/uploads\/elementor\/thumbs\/tiler-working-renovation-apartment-scaled-pwqifsw5hf1p7xs1zn10tfc6juzqrhy82cpe527z9o.jpg\" alt=\"Un mur commercial de plus chez le Groupe Bakjy\" class=\"wpr-anim-timing-ease-default\"><\/div><div class=\"wpr-grid-media-hover wpr-animation-wrap\"><div class=\"wpr-grid-media-hover-bg  wpr-overlay-fade-in wpr-anim-size-large wpr-anim-timing-ease-default wpr-anim-transparency\" data-url=\"http:\/\/test.bakjy.com\/bp429354-ovh\/un-mur-commercial-de-plus-dans-le-groupe-bakjy\/\"><\/div><div class=\"wpr-cv-container\"><div class=\"wpr-cv-outer\"><div class=\"wpr-cv-inner\"><div class=\"wpr-grid-media-hover-middle elementor-clearfix\"><h2 class=\"wpr-grid-item-title elementor-repeater-item-83c0ab6 wpr-grid-item-display-block wpr-grid-item-align-center wpr-element-fade-in wpr-anim-size-large wpr-anim-timing-ease-default wpr-anim-transparency wpr-pointer-none wpr-pointer-line-fx wpr-pointer-fx-fade\"><div class=\"inner-block\"><a  href=\"http:\/\/test.bakjy.com\/bp429354-ovh\/un-mur-commercial-de-plus-dans-le-groupe-bakjy\/\">Un mur commercial de plus chez le Groupe Bakjy<\/a><\/div><\/h2><div class=\"wpr-grid-item-category elementor-repeater-item-deefd3e wpr-grid-item-display-block wpr-grid-item-align-center wpr-element-fade-in wpr-anim-size-large wpr-anim-timing-ease-default wpr-anim-transparency wpr-pointer-none wpr-pointer-line-fx wpr-pointer-fx-fade wpr-grid-tax-style-1\"><div class=\"inner-block\"><a  href=\"http:\/\/test.bakjy.com\/bp429354-ovh\/category\/bakjy-actualites\/\">BAKJY ACTUALIT\u00c9S<\/a><\/div><\/div><\/div><\/div><\/div><\/div><\/div><\/div><\/div><\/article><article class=\"wpr-grid-item elementor-clearfix post-1909 post type-post status-publish format-standard has-post-thumbnail hentry category-bakjy-actualites\"><div class=\"wpr-grid-item-inner\"><div class=\"wpr-grid-media-wrap wpr-effect-size-medium \" data-overlay-link=\"yes\"><div class=\"wpr-grid-image-wrap\" data-src=\"http:\/\/test.bakjy.com\/bp429354-ovh\/wp-content\/uploads\/elementor\/thumbs\/DJI_0011-800x533-1-pxgmxisc6vpnd5jwotpcbjqwoylqxiqz2i5ipx1kr0.jpg\"><img decoding=\"async\" src=\"http:\/\/test.bakjy.com\/bp429354-ovh\/wp-content\/uploads\/elementor\/thumbs\/DJI_0011-800x533-1-pxgmxisc6vpnd5jwotpcbjqwoylqxiqz2i5ipx1kr0.jpg\" alt=\"default\" class=\"wpr-anim-timing-ease-default\"><\/div><div class=\"wpr-grid-media-hover wpr-animation-wrap\"><div class=\"wpr-grid-media-hover-bg  wpr-overlay-fade-in wpr-anim-size-large wpr-anim-timing-ease-default wpr-anim-transparency\" data-url=\"http:\/\/test.bakjy.com\/bp429354-ovh\/le-groupe-bakjy-annonce-le-developpement-de-sa-filiere-location-saisonniere-en-bretagne\/\"><\/div><div class=\"wpr-cv-container\"><div class=\"wpr-cv-outer\"><div class=\"wpr-cv-inner\"><div class=\"wpr-grid-media-hover-middle elementor-clearfix\"><h2 class=\"wpr-grid-item-title elementor-repeater-item-83c0ab6 wpr-grid-item-display-block wpr-grid-item-align-center wpr-element-fade-in wpr-anim-size-large wpr-anim-timing-ease-default wpr-anim-transparency wpr-pointer-none wpr-pointer-line-fx wpr-pointer-fx-fade\"><div class=\"inner-block\"><a  href=\"http:\/\/test.bakjy.com\/bp429354-ovh\/le-groupe-bakjy-annonce-le-developpement-de-sa-filiere-location-saisonniere-en-bretagne\/\">Le Groupe BAKJY annonce le d\u00e9veloppement de sa fili\u00e8re location saisonni\u00e8re en Bretagne.<\/a><\/div><\/h2><div class=\"wpr-grid-item-category elementor-repeater-item-deefd3e wpr-grid-item-display-block wpr-grid-item-align-center wpr-element-fade-in wpr-anim-size-large wpr-anim-timing-ease-default wpr-anim-transparency wpr-pointer-none wpr-pointer-line-fx wpr-pointer-fx-fade wpr-grid-tax-style-1\"><div class=\"inner-block\"><a  href=\"http:\/\/test.bakjy.com\/bp429354-ovh\/category\/bakjy-actualites\/\">BAKJY ACTUALIT\u00c9S<\/a><\/div><\/div><\/div><\/div><\/div><\/div><\/div><\/div><\/div><\/article><article class=\"wpr-grid-item elementor-clearfix post-2028 post type-post status-publish format-standard has-post-thumbnail hentry category-bakjy-actualites\"><div class=\"wpr-grid-item-inner\"><div class=\"wpr-grid-media-wrap wpr-effect-size-medium \" data-overlay-link=\"yes\"><div class=\"wpr-grid-image-wrap\" data-src=\"http:\/\/test.bakjy.com\/bp429354-ovh\/wp-content\/uploads\/elementor\/thumbs\/Capture-decran-2021-09-22-121244-800x602-1-pxgmzosxy4og4sel19fdki25zxx7oecp18atjvtwek.png\"><img decoding=\"async\" src=\"http:\/\/test.bakjy.com\/bp429354-ovh\/wp-content\/uploads\/elementor\/thumbs\/Capture-decran-2021-09-22-121244-800x602-1-pxgmzosxy4og4sel19fdki25zxx7oecp18atjvtwek.png\" alt=\"Le\u00a0Groupe BAKJY et l\u2019implantation d&#8217;une agence immobili\u00e8re.\" class=\"wpr-anim-timing-ease-default\"><\/div><div class=\"wpr-grid-media-hover wpr-animation-wrap\"><div class=\"wpr-grid-media-hover-bg  wpr-overlay-fade-in wpr-anim-size-large wpr-anim-timing-ease-default wpr-anim-transparency\" data-url=\"http:\/\/test.bakjy.com\/bp429354-ovh\/le-groupe-bakjy-est-heureux-dannoncer-limplantation-dune-agence-immobiliere\/\"><\/div><div class=\"wpr-cv-container\"><div class=\"wpr-cv-outer\"><div class=\"wpr-cv-inner\"><div class=\"wpr-grid-media-hover-middle elementor-clearfix\"><h2 class=\"wpr-grid-item-title elementor-repeater-item-83c0ab6 wpr-grid-item-display-block wpr-grid-item-align-center wpr-element-fade-in wpr-anim-size-large wpr-anim-timing-ease-default wpr-anim-transparency wpr-pointer-none wpr-pointer-line-fx wpr-pointer-fx-fade\"><div class=\"inner-block\"><a  href=\"http:\/\/test.bakjy.com\/bp429354-ovh\/le-groupe-bakjy-est-heureux-dannoncer-limplantation-dune-agence-immobiliere\/\">Le\u00a0Groupe BAKJY et l\u2019implantation d&#8217;une agence immobili\u00e8re.<\/a><\/div><\/h2><div class=\"wpr-grid-item-category elementor-repeater-item-deefd3e wpr-grid-item-display-block wpr-grid-item-align-center wpr-element-fade-in wpr-anim-size-large wpr-anim-timing-ease-default wpr-anim-transparency wpr-pointer-none wpr-pointer-line-fx wpr-pointer-fx-fade wpr-grid-tax-style-1\"><div class=\"inner-block\"><a  href=\"http:\/\/test.bakjy.com\/bp429354-ovh\/category\/bakjy-actualites\/\">BAKJY ACTUALIT\u00c9S<\/a><\/div><\/div><\/div><\/div><\/div><\/div><\/div><\/div><\/div><\/article><article class=\"wpr-grid-item elementor-clearfix post-2024 post type-post status-publish format-standard has-post-thumbnail hentry category-bakjy-actualites\"><div class=\"wpr-grid-item-inner\"><div class=\"wpr-grid-media-wrap wpr-effect-size-medium \" data-overlay-link=\"yes\"><div class=\"wpr-grid-image-wrap\" data-src=\"http:\/\/test.bakjy.com\/bp429354-ovh\/wp-content\/uploads\/elementor\/thumbs\/Capture-decran-2021-09-22-120700-800x587-1-pxgn20gkuduyu312grl68ey6v8gvpgkt0qd19idv0s.png\"><img decoding=\"async\" src=\"http:\/\/test.bakjy.com\/bp429354-ovh\/wp-content\/uploads\/elementor\/thumbs\/Capture-decran-2021-09-22-120700-800x587-1-pxgn20gkuduyu312grl68ey6v8gvpgkt0qd19idv0s.png\" alt=\"Nouvelle acquisition au c\u0153ur de Paris chez Bakjy !\" class=\"wpr-anim-timing-ease-default\"><\/div><div class=\"wpr-grid-media-hover wpr-animation-wrap\"><div class=\"wpr-grid-media-hover-bg  wpr-overlay-fade-in wpr-anim-size-large wpr-anim-timing-ease-default wpr-anim-transparency\" data-url=\"http:\/\/test.bakjy.com\/bp429354-ovh\/nouvelle-acquisition-chez-bakjy\/\"><\/div><div class=\"wpr-cv-container\"><div class=\"wpr-cv-outer\"><div class=\"wpr-cv-inner\"><div class=\"wpr-grid-media-hover-middle elementor-clearfix\"><h2 class=\"wpr-grid-item-title elementor-repeater-item-83c0ab6 wpr-grid-item-display-block wpr-grid-item-align-center wpr-element-fade-in wpr-anim-size-large wpr-anim-timing-ease-default wpr-anim-transparency wpr-pointer-none wpr-pointer-line-fx wpr-pointer-fx-fade\"><div class=\"inner-block\"><a  href=\"http:\/\/test.bakjy.com\/bp429354-ovh\/nouvelle-acquisition-chez-bakjy\/\">Nouvelle acquisition au c\u0153ur de Paris chez Bakjy !<\/a><\/div><\/h2><div class=\"wpr-grid-item-category elementor-repeater-item-deefd3e wpr-grid-item-display-block wpr-grid-item-align-center wpr-element-fade-in wpr-anim-size-large wpr-anim-timing-ease-default wpr-anim-transparency wpr-pointer-none wpr-pointer-line-fx wpr-pointer-fx-fade wpr-grid-tax-style-1\"><div class=\"inner-block\"><a  href=\"http:\/\/test.bakjy.com\/bp429354-ovh\/category\/bakjy-actualites\/\">BAKJY ACTUALIT\u00c9S<\/a><\/div><\/div><\/div><\/div><\/div><\/div><\/div><\/div><\/div><\/article><\/section><div class=\"wpr-grid-pagination elementor-clearfix wpr-grid-pagination-load-more\"><a href=\"http:\/\/test.bakjy.com\/bp429354-ovh\/wp-json\/wp\/v2\/pages\/91\/page\/2\/\" class=\"wpr-load-more-btn\" data-e-disable-page-transition >Load More<\/a><div class=\"wpr-pagination-loading\"><\/div><p class=\"wpr-pagination-finish\">End of Content.<\/p><\/div>\t\t<\/div>\n\t\t\t\t<\/div>\n\t\t\t\t\t<\/div>\n\t\t<\/div>\n\t\t\t\t\t\t\t<\/div>\n\t\t<\/section>\n\t\t\t\t\t\t\t<\/div>\n\t\t","protected":false},"excerpt":{"rendered":"<p>More than 2 results are available in the PRO version (This notice is only visible to admin users) All Work \/BAKJY ACTUALIT\u00c9S Cadeau de la Maison X Bakjy BAKJY ACTUALIT\u00c9S Nous sommes honor\u00e9s de vous pr\u00e9senter l&#8217;apparition dans l&#8217;\u00e9dition Business Immo BAKJY ACTUALIT\u00c9S Un mur commercial de plus chez le Groupe Bakjy BAKJY ACTUALIT\u00c9S Le [&hellip;]<\/p>\n","protected":false},"author":1,"featured_media":0,"parent":0,"menu_order":0,"comment_status":"closed","ping_status":"closed","template":"","meta":{"footnotes":""},"class_list":["post-91","page","type-page","status-publish","hentry"],"yoast_head":"<!-- This site is optimized with the Yoast SEO plugin v19.13 - https:\/\/yoast.com\/wordpress\/plugins\/seo\/ -->\n<title>Actualit\u00e9 - bakjy<\/title>\n<meta name=\"description\" content=\"Le Groupe BAKJY est un fonds d\u2019investissement immobilier op\u00e9rationnel regroupant toutes les expertises de la cha\u00eene de cr\u00e9ation de valeur du secteur immobilier. Les activit\u00e9s du groupe comprennent l\u2019investissement en immobilier commercial, la promotion immobili\u00e8re et l\u2019investissement dans des TPE\/PME. Le groupe est bas\u00e9 \u00e0 Paris, Rennes et Nice.\" \/>\n<meta name=\"robots\" content=\"index, follow, max-snippet:-1, max-image-preview:large, max-video-preview:-1\" \/>\n<link rel=\"canonical\" href=\"http:\/\/test.bakjy.com\/bp429354-ovh\/blog\/\" \/>\n<meta property=\"og:locale\" content=\"en_US\" \/>\n<meta property=\"og:type\" content=\"article\" \/>\n<meta property=\"og:title\" content=\"Actualit\u00e9 - bakjy\" \/>\n<meta property=\"og:description\" content=\"Le Groupe BAKJY est un fonds d\u2019investissement immobilier op\u00e9rationnel regroupant toutes les expertises de la cha\u00eene de cr\u00e9ation de valeur du secteur immobilier. Les activit\u00e9s du groupe comprennent l\u2019investissement en immobilier commercial, la promotion immobili\u00e8re et l\u2019investissement dans des TPE\/PME. Le groupe est bas\u00e9 \u00e0 Paris, Rennes et Nice.\" \/>\n<meta property=\"og:url\" content=\"http:\/\/test.bakjy.com\/bp429354-ovh\/blog\/\" \/>\n<meta property=\"og:site_name\" content=\"bakjy\" \/>\n<meta property=\"article:modified_time\" content=\"2023-01-04T15:10:40+00:00\" \/>\n<meta property=\"og:image\" content=\"http:\/\/test.bakjy.com\/bp429354-ovh\/wp-content\/uploads\/2022\/10\/cadeau-e1666694598833-280x280.png\" \/>\n<meta name=\"twitter:card\" content=\"summary_large_image\" \/>\n<meta name=\"twitter:label1\" content=\"Est. reading time\" \/>\n\t<meta name=\"twitter:data1\" content=\"2 minutes\" \/>\n<script type=\"application\/ld+json\" class=\"yoast-schema-graph\">{\"@context\":\"https:\/\/schema.org\",\"@graph\":[{\"@type\":\"WebPage\",\"@id\":\"http:\/\/test.bakjy.com\/bp429354-ovh\/blog\/\",\"url\":\"http:\/\/test.bakjy.com\/bp429354-ovh\/blog\/\",\"name\":\"Actualit\u00e9 - bakjy\",\"isPartOf\":{\"@id\":\"http:\/\/test.bakjy.com\/bp429354-ovh\/#website\"},\"datePublished\":\"2013-08-11T19:17:44+00:00\",\"dateModified\":\"2023-01-04T15:10:40+00:00\",\"description\":\"Le Groupe BAKJY est un fonds d\u2019investissement immobilier op\u00e9rationnel regroupant toutes les expertises de la cha\u00eene de cr\u00e9ation de valeur du secteur immobilier. Les activit\u00e9s du groupe comprennent l\u2019investissement en immobilier commercial, la promotion immobili\u00e8re et l\u2019investissement dans des TPE\/PME. Le groupe est bas\u00e9 \u00e0 Paris, Rennes et Nice.\",\"inLanguage\":\"en-US\",\"potentialAction\":[{\"@type\":\"ReadAction\",\"target\":[\"http:\/\/test.bakjy.com\/bp429354-ovh\/blog\/\"]}]},{\"@type\":\"WebSite\",\"@id\":\"http:\/\/test.bakjy.com\/bp429354-ovh\/#website\",\"url\":\"http:\/\/test.bakjy.com\/bp429354-ovh\/\",\"name\":\"Groupe Bakjy\",\"description\":\"\",\"publisher\":{\"@id\":\"http:\/\/test.bakjy.com\/bp429354-ovh\/#organization\"},\"potentialAction\":[{\"@type\":\"SearchAction\",\"target\":{\"@type\":\"EntryPoint\",\"urlTemplate\":\"http:\/\/test.bakjy.com\/bp429354-ovh\/?s={search_term_string}\"},\"query-input\":\"required name=search_term_string\"}],\"inLanguage\":\"en-US\"},{\"@type\":\"Organization\",\"@id\":\"http:\/\/test.bakjy.com\/bp429354-ovh\/#organization\",\"name\":\"Groupe Bakjy\",\"url\":\"http:\/\/test.bakjy.com\/bp429354-ovh\/\",\"logo\":{\"@type\":\"ImageObject\",\"inLanguage\":\"en-US\",\"@id\":\"http:\/\/test.bakjy.com\/bp429354-ovh\/#\/schema\/logo\/image\/\",\"url\":\"http:\/\/test.bakjy.com\/bp429354-ovh\/wp-content\/uploads\/2022\/10\/Logo-Groupe-BAKJY-Blanc.png\",\"contentUrl\":\"http:\/\/test.bakjy.com\/bp429354-ovh\/wp-content\/uploads\/2022\/10\/Logo-Groupe-BAKJY-Blanc.png\",\"width\":1756,\"height\":744,\"caption\":\"Groupe Bakjy\"},\"image\":{\"@id\":\"http:\/\/test.bakjy.com\/bp429354-ovh\/#\/schema\/logo\/image\/\"},\"sameAs\":[\"https:\/\/www.linkedin.com\/company\/groupebakjy\/mycompany\/\"]}]}<\/script>\n<!-- \/ Yoast SEO plugin. -->","yoast_head_json":{"title":"Actualit\u00e9 - bakjy","description":"Le Groupe BAKJY est un fonds d\u2019investissement immobilier op\u00e9rationnel regroupant toutes les expertises de la cha\u00eene de cr\u00e9ation de valeur du secteur immobilier. Les activit\u00e9s du groupe comprennent l\u2019investissement en immobilier commercial, la promotion immobili\u00e8re et l\u2019investissement dans des TPE\/PME. Le groupe est bas\u00e9 \u00e0 Paris, Rennes et Nice.","robots":{"index":"index","follow":"follow","max-snippet":"max-snippet:-1","max-image-preview":"max-image-preview:large","max-video-preview":"max-video-preview:-1"},"canonical":"http:\/\/test.bakjy.com\/bp429354-ovh\/blog\/","og_locale":"en_US","og_type":"article","og_title":"Actualit\u00e9 - bakjy","og_description":"Le Groupe BAKJY est un fonds d\u2019investissement immobilier op\u00e9rationnel regroupant toutes les expertises de la cha\u00eene de cr\u00e9ation de valeur du secteur immobilier. Les activit\u00e9s du groupe comprennent l\u2019investissement en immobilier commercial, la promotion immobili\u00e8re et l\u2019investissement dans des TPE\/PME. Le groupe est bas\u00e9 \u00e0 Paris, Rennes et Nice.","og_url":"http:\/\/test.bakjy.com\/bp429354-ovh\/blog\/","og_site_name":"bakjy","article_modified_time":"2023-01-04T15:10:40+00:00","og_image":[{"url":"http:\/\/test.bakjy.com\/bp429354-ovh\/wp-content\/uploads\/2022\/10\/cadeau-e1666694598833-280x280.png"}],"twitter_card":"summary_large_image","twitter_misc":{"Est. reading time":"2 minutes"},"schema":{"@context":"https:\/\/schema.org","@graph":[{"@type":"WebPage","@id":"http:\/\/test.bakjy.com\/bp429354-ovh\/blog\/","url":"http:\/\/test.bakjy.com\/bp429354-ovh\/blog\/","name":"Actualit\u00e9 - bakjy","isPartOf":{"@id":"http:\/\/test.bakjy.com\/bp429354-ovh\/#website"},"datePublished":"2013-08-11T19:17:44+00:00","dateModified":"2023-01-04T15:10:40+00:00","description":"Le Groupe BAKJY est un fonds d\u2019investissement immobilier op\u00e9rationnel regroupant toutes les expertises de la cha\u00eene de cr\u00e9ation de valeur du secteur immobilier. Les activit\u00e9s du groupe comprennent l\u2019investissement en immobilier commercial, la promotion immobili\u00e8re et l\u2019investissement dans des TPE\/PME. Le groupe est bas\u00e9 \u00e0 Paris, Rennes et Nice.","inLanguage":"en-US","potentialAction":[{"@type":"ReadAction","target":["http:\/\/test.bakjy.com\/bp429354-ovh\/blog\/"]}]},{"@type":"WebSite","@id":"http:\/\/test.bakjy.com\/bp429354-ovh\/#website","url":"http:\/\/test.bakjy.com\/bp429354-ovh\/","name":"Groupe Bakjy","description":"","publisher":{"@id":"http:\/\/test.bakjy.com\/bp429354-ovh\/#organization"},"potentialAction":[{"@type":"SearchAction","target":{"@type":"EntryPoint","urlTemplate":"http:\/\/test.bakjy.com\/bp429354-ovh\/?s={search_term_string}"},"query-input":"required name=search_term_string"}],"inLanguage":"en-US"},{"@type":"Organization","@id":"http:\/\/test.bakjy.com\/bp429354-ovh\/#organization","name":"Groupe Bakjy","url":"http:\/\/test.bakjy.com\/bp429354-ovh\/","logo":{"@type":"ImageObject","inLanguage":"en-US","@id":"http:\/\/test.bakjy.com\/bp429354-ovh\/#\/schema\/logo\/image\/","url":"http:\/\/test.bakjy.com\/bp429354-ovh\/wp-content\/uploads\/2022\/10\/Logo-Groupe-BAKJY-Blanc.png","contentUrl":"http:\/\/test.bakjy.com\/bp429354-ovh\/wp-content\/uploads\/2022\/10\/Logo-Groupe-BAKJY-Blanc.png","width":1756,"height":744,"caption":"Groupe Bakjy"},"image":{"@id":"http:\/\/test.bakjy.com\/bp429354-ovh\/#\/schema\/logo\/image\/"},"sameAs":["https:\/\/www.linkedin.com\/company\/groupebakjy\/mycompany\/"]}]}},"_links":{"self":[{"href":"http:\/\/test.bakjy.com\/bp429354-ovh\/wp-json\/wp\/v2\/pages\/91","targetHints":{"allow":["GET"]}}],"collection":[{"href":"http:\/\/test.bakjy.com\/bp429354-ovh\/wp-json\/wp\/v2\/pages"}],"about":[{"href":"http:\/\/test.bakjy.com\/bp429354-ovh\/wp-json\/wp\/v2\/types\/page"}],"author":[{"embeddable":true,"href":"http:\/\/test.bakjy.com\/bp429354-ovh\/wp-json\/wp\/v2\/users\/1"}],"replies":[{"embeddable":true,"href":"http:\/\/test.bakjy.com\/bp429354-ovh\/wp-json\/wp\/v2\/comments?post=91"}],"version-history":[{"count":40,"href":"http:\/\/test.bakjy.com\/bp429354-ovh\/wp-json\/wp\/v2\/pages\/91\/revisions"}],"predecessor-version":[{"id":2433,"href":"http:\/\/test.bakjy.com\/bp429354-ovh\/wp-json\/wp\/v2\/pages\/91\/revisions\/2433"}],"wp:attachment":[{"href":"http:\/\/test.bakjy.com\/bp429354-ovh\/wp-json\/wp\/v2\/media?parent=91"}],"curies":[{"name":"wp","href":"https:\/\/api.w.org\/{rel}","templated":true}]}}